{"id":9481,"date":"2023-10-27T10:55:27","date_gmt":"2023-10-27T07:55:27","guid":{"rendered":"https:\/\/peipsimehemaitsed.ee\/?page_id=9481"},"modified":"2024-09-17T11:00:16","modified_gmt":"2024-09-17T08:00:16","slug":"kohaletoimetamise-info","status":"publish","type":"page","link":"https:\/\/peipsimehemaitsed.ee\/en\/kohaletoimetamise-info\/","title":{"rendered":"Kohaletoimetamise info"},"content":{"rendered":"<p>Kaupu saadetakse j\u00e4rgmistesse riikidesse: Soome,L\u00e4ti,Leedu,Poola<\/p>\n<p>Kauba saatmiskulud kannab ostja ning vastav hinnainfo on kuvatud saatmisviisi juures.<\/p>\n<p>Eestisisesed saadetised j\u00f5uavad \u00fcldjuhul ostja m\u00e4\u00e4ratud sihtpunkti 3-7 t\u00f6\u00f6p\u00e4eva jooksul alates m\u00fc\u00fcgilepingu j\u00f5ustumist. V\u00e4ljaspool Eestit toimub kohaletoimetamine 7 kalendrip\u00e4eva jooksul.<\/p>\n<p>Erandlikel juhtumitel on \u00f5igus kaup kohale toimetada kuni 30 kalendrip\u00e4eva jooksul.<\/p>\n<p>Kui Veebipood on veebilehel v\u00f5i tellimuse kinnituses teavitanud ostjat tarneprobleemidest ja 30 kalendrip\u00e4eva \u00fcletavast t\u00e4htajast, kohaldub Veebipoe poolt avaldatud t\u00e4htaeg.<\/p>","protected":false},"excerpt":{"rendered":"<p>Kaupu saadetakse j\u00e4rgmistesse riikidesse: Soome,L\u00e4ti,Leedu,Poola Kauba saatmiskulud kannab ostja ning vastav hinnainfo on kuvatud saatmisviisi juures. Eestisisesed saadetised j\u00f5uavad \u00fcldjuhul<\/p>\n","protected":false},"author":1,"featured_media":0,"parent":0,"menu_order":0,"comment_status":"closed","ping_status":"closed","template":"","meta":{"footnotes":""},"class_list":["post-9481","page","type-page","status-publish","hentry"],"_links":{"self":[{"href":"https:\/\/peipsimehemaitsed.ee\/en\/wp-json\/wp\/v2\/pages\/9481","targetHints":{"allow":["GET"]}}],"collection":[{"href":"https:\/\/peipsimehemaitsed.ee\/en\/wp-json\/wp\/v2\/pages"}],"about":[{"href":"https:\/\/peipsimehemaitsed.ee\/en\/wp-json\/wp\/v2\/types\/page"}],"author":[{"embeddable":true,"href":"https:\/\/peipsimehemaitsed.ee\/en\/wp-json\/wp\/v2\/users\/1"}],"replies":[{"embeddable":true,"href":"https:\/\/peipsimehemaitsed.ee\/en\/wp-json\/wp\/v2\/comments?post=9481"}],"version-history":[{"count":4,"href":"https:\/\/peipsimehemaitsed.ee\/en\/wp-json\/wp\/v2\/pages\/9481\/revisions"}],"predecessor-version":[{"id":9856,"href":"https:\/\/peipsimehemaitsed.ee\/en\/wp-json\/wp\/v2\/pages\/9481\/revisions\/9856"}],"wp:attachment":[{"href":"https:\/\/peipsimehemaitsed.ee\/en\/wp-json\/wp\/v2\/media?parent=9481"}],"curies":[{"name":"wp","href":"https:\/\/api.w.org\/{rel}","templated":true}]}}