{"id":3471,"date":"2023-10-25T15:35:40","date_gmt":"2023-10-25T12:35:40","guid":{"rendered":"http:\/\/dummy.xtemos.com\/woodmart2\/?page_id=3471"},"modified":"2026-04-12T18:57:52","modified_gmt":"2026-04-12T15:57:52","slug":"home-bikes","status":"publish","type":"page","link":"https:\/\/peipsimehemaitsed.ee\/en\/","title":{"rendered":"Home"},"content":{"rendered":"<div class=\"wpb-content-wrapper\"><p>[vc_row woodmart_css_id=&#8221;653a04ee538e5&#8243; responsive_spacing=&#8221;eyJwYXJhbV90eXBlIjoid29vZG1hcnRfcmVzcG9uc2l2ZV9zcGFjaW5nIiwic2VsZWN0b3JfaWQiOiI2NTNhMDRlZTUzOGU1Iiwic2hvcnRjb2RlIjoidmNfcm93IiwiZGF0YSI6eyJ0YWJsZXQiOnt9LCJtb2JpbGUiOnt9fX0=&#8221; mobile_bg_img_hidden=&#8221;no&#8221; tablet_bg_img_hidden=&#8221;no&#8221; woodmart_parallax=&#8221;0&#8243; woodmart_gradient_switch=&#8221;no&#8221; row_reverse_mobile=&#8221;0&#8243; row_reverse_tablet=&#8221;0&#8243; woodmart_disable_overflow=&#8221;0&#8243; wd_z_index=&#8221;no&#8221; css=&#8221;.vc_custom_1698301173224{margin-top: -40px !important;}&#8221; woodmart_box_shadow=&#8221;no&#8221;][vc_column css=&#8221;.vc_custom_1628662387727{padding-top: 0px !important;}&#8221; woodmart_css_id=&#8221;61136a719cbb5&#8243; responsive_spacing=&#8221;eyJwYXJhbV90eXBlIjoid29vZG1hcnRfcmVzcG9uc2l2ZV9zcGFjaW5nIiwic2VsZWN0b3JfaWQiOiI2MTEzNmE3MTljYmI1Iiwic2hvcnRjb2RlIjoidmNfY29sdW1uIiwiZGF0YSI6eyJ0YWJsZXQiOnt9LCJtb2JpbGUiOnt9fX0=&#8221; parallax_scroll=&#8221;no&#8221; mobile_bg_img_hidden=&#8221;no&#8221; tablet_bg_img_hidden=&#8221;no&#8221; woodmart_parallax=&#8221;0&#8243; woodmart_sticky_column=&#8221;false&#8221; mobile_reset_margin=&#8221;no&#8221; tablet_reset_margin=&#8221;no&#8221;]\t\t\t<style>\t\t\t#slider-70 .wd-slide {\n\t\t\t\tmin-height: 750px;\n\t\t\t}\n\n\t\t\t@media (min-width: 1025px) {\n\t\t\t\t.browser-Internet #slider-70 .wd-slide {\n\t\t\t\t\theight: 750px;\n\t\t\t\t}\n\t\t\t}\n\n\t\t\t@media (max-width: 1024px) {\n\t\t\t\t#slider-70 .wd-slide {\n\t\t\t\t\tmin-height: 500px;\n\t\t\t\t}\n\t\t\t}\n\n\t\t\t@media (max-width: 767px) {\n\t\t\t\t#slider-70 .wd-slide {\n\t\t\t\t\tmin-height: 500px;\n\t\t\t\t}\n\t\t\t}\n\n\t\t\t\t\t\t\t#slide-3477.woodmart-loaded .wd-slide-bg {\n\t\t\t\t\tbackground-image:url(https:\/\/peipsimehemaitsed.ee\/wp-content\/uploads\/2021\/08\/392759895_842668447645803_88838925830208480_n2.jpg);\t\t\t\t}\n\n\t\t\t\t#slide-3477 .wd-slide-bg {\n\t\t\t\t\tbackground-color:rgb(12,12,12);\t\t\t\t\tbackground-size:cover;\n\t\t\t\t\t\t\t\t\t\t\tbackground-position:center center;\t\t\t\t\t\t\t\t\t}\n\n\t\t\t\t\n\t\t\t\t@media (max-width: 1024px) {\n\t\t\t\t\t\n\t\t\t\t\t\n\t\t\t\t\t#slide-3477 .wd-slide-bg {\n\t\t\t\t\t\t\t\t\t\t\t\t\t\t\t\t\t\t\t\n\t\t\t\t\t\t\t\t\t\t\t\t\t\t\t\t\t\t\t\t\t\t\t\t}\n\t\t\t\t}\n\n\t\t\t\t@media (max-width: 767px) {\n\t\t\t\t\t\n\t\t\t\t\t\n\t\t\t\t\t#slide-3477 .wd-slide-bg {\n\t\t\t\t\t\t\t\t\t\t\t\t\t\t\t\t\t\t\t\n\t\t\t\t\t\t\t\t\t\t\t\t\t\t\t\t\t\t\t\t\t\t\t\t}\n\t\t\t\t}\n\n\t\t\t\t\t\t\t\t\t\t.vc_custom_1531475263623{padding-top: 30px !important;padding-bottom: 30px !important;}.vc_custom_1531475263623{padding-top: 30px !important;padding-bottom: 30px !important;}.vc_custom_1758268201566{margin-bottom: 15px !important;}.vc_custom_1765806375458{margin-bottom: 15px !important;}\t\t\t\t\t\n\t\t\t\t\t\t\t\t\t\t#wd-68cd0afc983a1 .woodmart-title-container{line-height:78px;font-size:68px;}#wd-68cd0b674b4cf.wd-text-block{line-height:26px;font-size:16px;}#wd-6940111e5eea1 .woodmart-title-container{line-height:78px;font-size:68px;}#wd-69401137b55e9.wd-text-block{line-height:26px;font-size:16px;}@media (max-width: 1199px) {#wd-68cd0afc983a1 .woodmart-title-container{line-height:48px;font-size:38px;}#wd-6940111e5eea1 .woodmart-title-container{line-height:48px;font-size:38px;}}@media (max-width: 767px) {#wd-68cd0afc983a1 .woodmart-title-container{line-height:42px;font-size:32px;}#wd-68cd0b674b4cf.wd-text-block{line-height:24px;font-size:14px;}#wd-6940111e5eea1 .woodmart-title-container{line-height:42px;font-size:32px;}#wd-69401137b55e9.wd-text-block{line-height:24px;font-size:14px;}}\t\t\t\t\t\t\t\t<\/style>\n\t\t\t\n        <div id=\"slider-70\" data-id=\"70\" class=\"wd-slider-wrapper arrows-style-0 pagin-style-0 pagin-scheme-light anim-slide wd-pagin-hr-center vc_row vc_row-fluid wd-section-stretch-content\" data-speed=\"20000\" data-wrap=\"yes\" data-autoplay=\"yes\" data-autoheight=\"yes\" data-hide_pagination_control=\"yes\" data-hide_prev_next_buttons=\"yes\" data-sliding_speed=\"900\" data-content_animation=\"1\" data-library=\"flickity\" data-desktop=\"1\" data-tablet=\"1\" data-tablet_landscape=\"1\" data-mobile=\"1\">\n\t\t\t\t<div class=\"wd-slider wd-autoplay-animations-off \">\n\t\t\t\t\t\t\t\t\t\t\t\t\t\t\t\t\t<div id=\"slide-3477\" class=\"wd-slide woodmart-loaded\" >\n\t\t\t\t\t\t\t\t\t\t\t\t\t\t<div class=\"container wd-slide-container wd-items-middle wd-justify-left content-full-width\">\n\t\t\t\t\t\t\t\t<div class=\"wd-slide-inner wd-animation-normal  wd-animation-zoom-in\">\n\t\t\t\t\t\t\t\t\t\t\t\t\t\t\t\t\t\t\t<div class=\"wpb-content-wrapper\"><p>[vc_row content_placement=&#8221;middle&#8221; css=&#8221;.vc_custom_1531475263623{padding-top: 30px !important;padding-bottom: 30px !important;}&#8221;][vc_column offset=&#8221;vc_col-lg-7 vc_col-md-6 vc_col-xs-12&#8243;]\t\t<div id=\"wd-694010f06bb79\" class=\"wd-image wd-wpb wd-rs-694010f06bb79 text-left \">\n\t\t\t\n\t\t\t<img loading=\"lazy\" decoding=\"async\" width=\"1080\" height=\"1080\" src=\"https:\/\/peipsimehemaitsed.ee\/wp-content\/uploads\/2023\/10\/Peipsimehe-maitsed.png\" class=\"attachment-full size-full\" alt=\"Peipsimehe maitsed peolaua catering Tartus ja L\u00f5una-Eestis\" srcset=\"https:\/\/peipsimehemaitsed.ee\/wp-content\/uploads\/2023\/10\/Peipsimehe-maitsed.png 1080w, https:\/\/peipsimehemaitsed.ee\/wp-content\/uploads\/2023\/10\/Peipsimehe-maitsed-300x300.png 300w, https:\/\/peipsimehemaitsed.ee\/wp-content\/uploads\/2023\/10\/Peipsimehe-maitsed-800x800.png 800w, https:\/\/peipsimehemaitsed.ee\/wp-content\/uploads\/2023\/10\/Peipsimehe-maitsed-150x150.png 150w, https:\/\/peipsimehemaitsed.ee\/wp-content\/uploads\/2023\/10\/Peipsimehe-maitsed-768x768.png 768w, https:\/\/peipsimehemaitsed.ee\/wp-content\/uploads\/2023\/10\/Peipsimehe-maitsed-860x860.png 860w, https:\/\/peipsimehemaitsed.ee\/wp-content\/uploads\/2023\/10\/Peipsimehe-maitsed-430x430.png 430w, https:\/\/peipsimehemaitsed.ee\/wp-content\/uploads\/2023\/10\/Peipsimehe-maitsed-700x700.png 700w\" sizes=\"auto, (max-width: 1080px) 100vw, 1080px\" \/>\n\t\t\t\t\t<\/div>\n\t\t[\/vc_column][vc_column offset=&#8221;vc_col-lg-5 vc_col-md-6 vc_col-xs-12&#8243; woodmart_css_id=&#8221;6112a03a6c838&#8243; responsive_spacing=&#8221;eyJwYXJhbV90eXBlIjoid29vZG1hcnRfcmVzcG9uc2l2ZV9zcGFjaW5nIiwic2VsZWN0b3JfaWQiOiI2MTEyYTAzYTZjODM4Iiwic2hvcnRjb2RlIjoidmNfY29sdW1uIiwiZGF0YSI6eyJ0YWJsZXQiOnt9LCJtb2JpbGUiOnt9fX0=&#8221; parallax_scroll=&#8221;no&#8221; mobile_bg_img_hidden=&#8221;no&#8221; tablet_bg_img_hidden=&#8221;no&#8221; woodmart_parallax=&#8221;0&#8243; woodmart_sticky_column=&#8221;false&#8221; mobile_reset_margin=&#8221;no&#8221; tablet_reset_margin=&#8221;no&#8221;]\n\t\t<div id=\"wd-6940111e5eea1\" class=\"title-wrapper wd-wpb set-mb-s reset-last-child  wd-rs-6940111e5eea1 wd-title-color-white wd-title-style-default text-left vc_custom_1765806375458 wd-underline-colored\">\n\t\t\t\n\t\t\t<div class=\"liner-continer\">\n\t\t\t\t<h4 class=\"woodmart-title-container title  wd-font-weight- wd-fontsize-l\" >Peipsimehe catering - juicy grill and smoky meats on your party table<\/h4>\n\t\t\t\t\t\t\t<\/div>\n\t\t\t\n\t\t\t\n\t\t\t\n\t\t<\/div>\n\t\t\n\t\t\t\t<div id=\"wd-69401137b55e9\" class=\"wd-text-block wd-wpb reset-last-child wd-rs-69401137b55e9 text-left color-scheme-light wd-fontsize-custom \">\n\t\t\t<p>Peipsimees brings the authentic aromas of a real smokehouse and juicy grilled food to your event. Our catering is full of flavours born from slow smoke, glowing coals, and Peipsimaa traditions passed down from generation to generation. Forget the stress of organising the table &#8211; we\u2019ll take care of everything, so you and your guests can enjoy a truly memorable experience.<\/p>\n\t\t<\/div>\n\t\t<div id=\"wd-69401159c1e9e\" class=\" wd-rs-69401159c1e9e  wd-button-wrapper text-center inline-element\"><a href=\"https:\/\/peipsimehemaitsed.ee\/kontakt\/\" title=\"\" class=\"btn btn-color-primary btn-style-default btn-style-rectangle btn-size-default\">Request a catering quote<\/a><\/div>[\/vc_column][\/vc_row]<\/p>\n<\/div>\t\t\t\t\t\t\t\t\t\t\t\t\t\t\t\t\t<\/div>\n\t\t\t\t\t\t\t<\/div>\n\n\t\t\t\t\t\t\t<div class=\"wd-slide-bg wd-fill\"><\/div>\n\t\t\t\t\t\t<\/div>\n\n\t\t\t\t\t\t\t\t\t\t\t\t\t\t\t\t\t\t\t\t\t\t\t\t\t\t\t\t<\/div>\n\t\t\t<\/div>\n\n\t\t\t\t\t\t\t<div class=\"vc_row-full-width vc_clearfix\"><\/div>\n\t\t\t\t\t[\/vc_column][\/vc_row][vc_row full_width=&#8221;stretch_row&#8221; css=&#8221;.vc_custom_1725896221031{padding-top: 40px !important;padding-bottom: 40px !important;background-color: #f9f9f9 !important;}&#8221; woodmart_css_id=&#8221;66df160736961&#8243; responsive_spacing=&#8221;eyJwYXJhbV90eXBlIjoid29vZG1hcnRfcmVzcG9uc2l2ZV9zcGFjaW5nIiwic2VsZWN0b3JfaWQiOiI2NmRmMTYwNzM2OTYxIiwic2hvcnRjb2RlIjoidmNfcm93IiwiZGF0YSI6eyJ0YWJsZXQiOnt9LCJtb2JpbGUiOnt9fX0=&#8221; mobile_bg_img_hidden=&#8221;no&#8221; tablet_bg_img_hidden=&#8221;no&#8221; woodmart_parallax=&#8221;0&#8243; woodmart_gradient_switch=&#8221;no&#8221; woodmart_box_shadow=&#8221;no&#8221; wd_z_index=&#8221;no&#8221; woodmart_disable_overflow=&#8221;0&#8243; row_reverse_mobile=&#8221;0&#8243; row_reverse_tablet=&#8221;0&#8243;][vc_column width=&#8221;1\/3&#8243;]\t\t<div id=\"wd-68cd38cbb1126\" class=\"wd-image wd-wpb wd-rs-68cd38cbb1126 text-center \">\n\t\t\t\n\t\t\t<img loading=\"lazy\" decoding=\"async\" width=\"100\" height=\"100\" src=\"https:\/\/peipsimehemaitsed.ee\/wp-content\/uploads\/2025\/09\/5-100x100.png\" class=\"attachment-100x100 size-100x100\" alt=\"Suitsuliha ja grilli cateringi teenus teie peole ja s\u00fcndmusele\" srcset=\"https:\/\/peipsimehemaitsed.ee\/wp-content\/uploads\/2025\/09\/5-100x100.png 100w, https:\/\/peipsimehemaitsed.ee\/wp-content\/uploads\/2025\/09\/5-150x150.png 150w, https:\/\/peipsimehemaitsed.ee\/wp-content\/uploads\/2025\/09\/5.png 250w\" sizes=\"auto, (max-width: 100px) 100vw, 100px\" \/>\n\t\t\t\t\t<\/div>\n\t\t\t\t<div id=\"wd-68cd38c7f2dda\" class=\"wd-text-block wd-wpb reset-last-child wd-rs-68cd38c7f2dda text-center wd-fontsize-l \">\n\t\t\t<h4 style=\"text-align: center;\"><span style=\"color: #000000;\">Puhas liha, suitsu h\u00f5rk<\/span><br \/>\n<span style=\"color: #000000;\">aroom ja grillil k\u00fcpsemise<\/span><br \/>\n<span style=\"color: #000000;\">mahlasus. Siin ei ole ruumi<\/span><br \/>\n<span style=\"color: #000000;\">kunstlikele maitsetugevdajatele<\/span><br \/>\n<span style=\"color: #000000;\">ega s\u00e4ilitusainetele &#8211; iga suut\u00e4is<\/span><br \/>\n<span style=\"color: #000000;\">on ehe ja aus, justkui Peipsimaa<\/span><br \/>\n<span style=\"color: #000000;\">kodu\u00f5ues valmistatud.<\/span><\/h4>\n\t\t<\/div>\n\t\t[\/vc_column][vc_column width=&#8221;1\/3&#8243;]\t\t<div id=\"wd-68cd38c081af5\" class=\"wd-image wd-wpb wd-rs-68cd38c081af5 text-center \">\n\t\t\t\n\t\t\t<img loading=\"lazy\" decoding=\"async\" width=\"100\" height=\"100\" src=\"https:\/\/peipsimehemaitsed.ee\/wp-content\/uploads\/2025\/09\/6-100x100.png\" class=\"attachment-100x100 size-100x100\" alt=\"Catering teie peole\" srcset=\"https:\/\/peipsimehemaitsed.ee\/wp-content\/uploads\/2025\/09\/6-100x100.png 100w, https:\/\/peipsimehemaitsed.ee\/wp-content\/uploads\/2025\/09\/6-150x150.png 150w, https:\/\/peipsimehemaitsed.ee\/wp-content\/uploads\/2025\/09\/6.png 250w\" sizes=\"auto, (max-width: 100px) 100vw, 100px\" \/>\n\t\t\t\t\t<\/div>\n\t\t\t\t<div id=\"wd-68cd447547185\" class=\"wd-text-block wd-wpb reset-last-child wd-rs-68cd447547185 text-center wd-fontsize-l \">\n\t\t\t<h4 style=\"text-align: center;\"><span style=\"color: #000000;\">Olgu tegemist v\u00e4ikese perepeo <\/span><span style=\"color: #000000;\">v\u00f5i<br \/>\nsuure firmapeoga, meie <\/span><span style=\"color: #000000;\"><span style=\"text-decoration: underline;\"><a href=\"https:\/\/peipsimehemaitsed.ee\/peipsimehe-maitsed-catering\/\">catering<\/a><\/span><br \/>\nkohandub sinu vajadustega.<\/span><br \/>\n<span style=\"color: #000000;\">S\u00fctel k\u00fcpsenud liha, suitsutatud<\/span><br \/>\n<span style=\"color: #000000;\">h\u00f5rgutised ja klassikalised lisandid<\/span><br \/>\n<span style=\"color: #000000;\">loovad t\u00e4iusliku peolaua<\/span><br \/>\n<span style=\"color: #000000;\">igaks s\u00fcndmuseks.<\/span><\/h4>\n\t\t<\/div>\n\t\t[\/vc_column][vc_column width=&#8221;1\/3&#8243;]\t\t<div id=\"wd-68cd38bcbe11c\" class=\"wd-image wd-wpb wd-rs-68cd38bcbe11c text-center \">\n\t\t\t\n\t\t\t<img loading=\"lazy\" decoding=\"async\" width=\"100\" height=\"100\" src=\"https:\/\/peipsimehemaitsed.ee\/wp-content\/uploads\/2025\/09\/7-100x100.png\" class=\"attachment-100x100 size-100x100\" alt=\"Suitsuliha ja grill-liha m\u00fc\u00fck\" srcset=\"https:\/\/peipsimehemaitsed.ee\/wp-content\/uploads\/2025\/09\/7-100x100.png 100w, https:\/\/peipsimehemaitsed.ee\/wp-content\/uploads\/2025\/09\/7-150x150.png 150w, https:\/\/peipsimehemaitsed.ee\/wp-content\/uploads\/2025\/09\/7.png 250w\" sizes=\"auto, (max-width: 100px) 100vw, 100px\" \/>\n\t\t\t\t\t<\/div>\n\t\t\t\t<div id=\"wd-69079cc722037\" class=\"wd-text-block wd-wpb reset-last-child wd-rs-69079cc722037 text-center wd-fontsize-l \">\n\t\t\t<h4 style=\"text-align: center;\"><span style=\"color: #000000;\">Alates oktoobrist k\u00fclasta meid<\/span><br \/>\n<span style=\"color: #000000;\">ka <span style=\"text-decoration: underline;\"><a href=\"https:\/\/maps.app.goo.gl\/ZWsoLPDdspihdRhC7\" target=\"_blank\" rel=\"noopener\">K\u00f5rvek\u00fcla-Haava 10<\/a><\/span>!<\/span><br \/>\n<span style=\"color: #000000;\">Meie suitsuahju h\u00f5rgutised<\/span><br \/>\n<span style=\"color: #000000;\">ja mahlased grillroad ootavad<\/span><br \/>\n<span style=\"color: #000000;\">sind n\u00fc\u00fcd ka kaasa tellimiseks.<\/span><br \/>\n<span style=\"color: #000000;\">Astu l\u00e4bi ja vali oma lemmikud!<br \/>\n<a href=\"https:\/\/peipsimehemaitsed.ee\/wp-content\/uploads\/2025\/11\/Peipsimehe-maitsed-menuu.pdf\" target=\"_blank\" rel=\"noopener\"><span style=\"text-decoration: underline;\">Vaata men\u00fc\u00fcd.<\/span><\/a><\/span><\/h4>\n\t\t<\/div>\n\t\t[\/vc_column][\/vc_row][vc_row full_width=&#8221;stretch_row&#8221; css=&#8221;.vc_custom_1698842006627{padding-top: 40px !important;padding-bottom: 40px !important;background-color: #1e1d1b !important;}&#8221; woodmart_css_id=&#8221;654245908468d&#8221; responsive_spacing=&#8221;eyJwYXJhbV90eXBlIjoid29vZG1hcnRfcmVzcG9uc2l2ZV9zcGFjaW5nIiwic2VsZWN0b3JfaWQiOiI2NTQyNDU5MDg0NjhkIiwic2hvcnRjb2RlIjoidmNfcm93IiwiZGF0YSI6eyJ0YWJsZXQiOnt9LCJtb2JpbGUiOnt9fX0=&#8221; mobile_bg_img_hidden=&#8221;no&#8221; tablet_bg_img_hidden=&#8221;no&#8221; woodmart_parallax=&#8221;0&#8243; woodmart_gradient_switch=&#8221;no&#8221; woodmart_box_shadow=&#8221;no&#8221; wd_z_index=&#8221;no&#8221; woodmart_disable_overflow=&#8221;0&#8243; row_reverse_mobile=&#8221;0&#8243; row_reverse_tablet=&#8221;0&#8243;][vc_column width=&#8221;1\/2&#8243;]\t\t<div id=\"wd-68dd299918db0\" class=\"wd-text-block wd-wpb reset-last-child wd-rs-68dd299918db0 text-center wd-fontsize-l \">\n\t\t\t<p style=\"text-align: left;\">Peipsimehe cateringi peolaud on t\u00e4idetud suitsuahju h\u00f5rkude maitsete, s\u00fctel k\u00fcpsetatud liha ja traditsiooniliste lisanditega, mis loovad ehtsa Peipsimaa elamuse igale \u00fcritusele.<\/p>\n<ul style=\"text-align: left;\">\n<li>Oma peo toidule saad ise j\u00e4rgi tulla v\u00f5i tuleme ise kohale \u00fcle Eesti ning pakume serveerimist ja teenindamist<\/li>\n<li>T\u00e4isteenuse v\u00f5imalus: toit, joogid, n\u00f5ud, teenindus, transport ja koristus<\/li>\n<li>Miinimumtellimus alates 15 inimesest<\/li>\n<li>Vajalik broneerida v\u00e4hemalt n\u00e4dal aega ette<\/li>\n<\/ul>\n<p style=\"text-align: left;\">Peipsimees hoolitseb selle eest, et sinu peolaua korraldamise mured j\u00e4\u00e4ksid meie kanda ning sina ja su k\u00fclalised saaksite nautida ehedat, maitsvat ja meeldej\u00e4\u00e4vat elamust.<\/p>\n\t\t<\/div>\n\t\t<div id=\"wd-68ed2f6f5e8c1\" class=\" wd-rs-68ed2f6f5e8c1  wd-button-wrapper text-center\"><a href=\"https:\/\/peipsimehemaitsed.ee\/peipsimehe-maitsed-catering\/\" title=\"Peipsimehe Catering\" class=\"btn btn-color-default btn-style-default btn-style-rectangle btn-size-default\">Vaata cateringi men\u00fc\u00fcd<\/a><\/div>[\/vc_column][vc_column width=&#8221;1\/2&#8243;][vc_single_image image=&#8221;9959&#8243; img_size=&#8221;full&#8221; alignment=&#8221;center&#8221; css=&#8221;&#8221; parallax_scroll=&#8221;no&#8221; woodmart_inline=&#8221;no&#8221;][\/vc_column][\/vc_row][vc_row full_width=&#8221;stretch_row&#8221; css=&#8221;.vc_custom_1760518714024{padding-top: 40px !important;padding-bottom: 40px !important;background-color: #202020 !important;}&#8221; woodmart_css_id=&#8221;68ef622e8aeb0&#8243; responsive_spacing=&#8221;eyJwYXJhbV90eXBlIjoid29vZG1hcnRfcmVzcG9uc2l2ZV9zcGFjaW5nIiwic2VsZWN0b3JfaWQiOiI2OGVmNjIyZThhZWIwIiwic2hvcnRjb2RlIjoidmNfcm93IiwiZGF0YSI6eyJ0YWJsZXQiOnt9LCJtb2JpbGUiOnt9fX0=&#8221; mobile_bg_img_hidden=&#8221;no&#8221; tablet_bg_img_hidden=&#8221;no&#8221; woodmart_parallax=&#8221;0&#8243; woodmart_gradient_switch=&#8221;no&#8221; woodmart_box_shadow=&#8221;no&#8221; wd_z_index=&#8221;no&#8221; woodmart_disable_overflow=&#8221;0&#8243; row_reverse_mobile=&#8221;0&#8243; row_reverse_tablet=&#8221;0&#8243;][vc_column width=&#8221;1\/2&#8243;]\t\t<div id=\"wd-69cbf8df8fe9e\" class=\"wd-text-block wd-wpb reset-last-child wd-rs-69cbf8df8fe9e text-center wd-fontsize-l \">\n\t\t\t<h1 style=\"text-align: left;\" data-start=\"51\" data-end=\"229\">K\u00fclasta meid K\u00f5rvek\u00fclas!Ainulaadne suitsuliha ja BBQ resto eestis!<\/h1>\n<p style=\"text-align: left;\" data-start=\"51\" data-end=\"229\">Aadress: <span style=\"text-decoration: underline;\"><a href=\"https:\/\/maps.app.goo.gl\/ZWsoLPDdspihdRhC7\" target=\"_blank\" rel=\"noopener\">K\u00f5rvek\u00fcla,Haava-10<\/a><\/span><\/p>\n<p style=\"text-align: left;\" data-start=\"51\" data-end=\"229\">otse Tartu-J\u00f5hvi maantee \u00e4\u00e4res.<\/p>\n<p style=\"text-align: left;\" data-start=\"51\" data-end=\"229\">Ehtne suitsuahju aroom ja BBQ maitsed on n\u00fc\u00fcd vaid peatuspaiga kaugusel!<\/p>\n<p style=\"text-align: left;\" data-start=\"231\" data-end=\"489\">Siit leiad <em>ainulaadsed <\/em>Ameerika ja Eestip\u00e4rases stiilis BBQ- ning suitsuliha road, mis on valminud aeglaselt h\u00f5\u00f5guvatel s\u00fctel &#8211; t\u00e4pselt nii, nagu Peipsimehele omane.<br data-start=\"388\" data-end=\"391\" \/>Toitu saab osta nii praena kui ka kaaluga, et iga\u00fcks leiaks endale sobiva suuruse ja maitse.<\/p>\n<p style=\"text-align: left;\" data-start=\"491\" data-end=\"583\">Tule l\u00e4bi, lase suitsusel l\u00f5hnal end juhatada ja vii Peipsimehe ehtsad maitsed koju kaasa!<\/p>\n<p style=\"text-align: left;\" data-start=\"585\" data-end=\"647\" data-is-last-node=\"\" data-is-only-node=\"\"><strong data-start=\"588\" data-end=\"647\" data-is-last-node=\"\">Peipsimehe Maitsed &#8211; suitsune, mahlane ja alati v\u00e4rske.<\/strong><\/p>\n\t\t<\/div>\n\t\t[\/vc_column][vc_column width=&#8221;1\/2&#8243;][vc_single_image image=&#8221;10116&#8243; img_size=&#8221;large&#8221; css=&#8221;&#8221; title=&#8221;men\u00fc\u00fc&#8221; parallax_scroll=&#8221;no&#8221; woodmart_inline=&#8221;no&#8221;][\/vc_column][\/vc_row][vc_row][vc_column][vc_single_image image=&#8221;10104&#8243; img_size=&#8221;medium&#8221; css=&#8221;&#8221; parallax_scroll=&#8221;no&#8221; woodmart_inline=&#8221;no&#8221;][\/vc_column][\/vc_row]<\/p>\n<\/div>","protected":false},"excerpt":{"rendered":"<p>[vc_row woodmart_css_id=&#8221;653a04ee538e5&#8243; responsive_spacing=&#8221;eyJwYXJhbV90eXBlIjoid29vZG1hcnRfcmVzcG9uc2l2ZV9zcGFjaW5nIiwic2VsZWN0b3JfaWQiOiI2NTNhMDRlZTUzOGU1Iiwic2hvcnRjb2RlIjoidmNfcm93IiwiZGF0YSI6eyJ0YWJsZXQiOnt9LCJtb2JpbGUiOnt9fX0=&#8221; mobile_bg_img_hidden=&#8221;no&#8221; tablet_bg_img_hidden=&#8221;no&#8221; woodmart_parallax=&#8221;0&#8243; woodmart_gradient_switch=&#8221;no&#8221; row_reverse_mobile=&#8221;0&#8243; row_reverse_tablet=&#8221;0&#8243; woodmart_disable_overflow=&#8221;0&#8243; wd_z_index=&#8221;no&#8221; css=&#8221;.vc_custom_1698301173224{margin-top: -40px !important;}&#8221; woodmart_box_shadow=&#8221;no&#8221;][vc_column css=&#8221;.vc_custom_1628662387727{padding-top: 0px !important;}&#8221; woodmart_css_id=&#8221;61136a719cbb5&#8243; responsive_spacing=&#8221;eyJwYXJhbV90eXBlIjoid29vZG1hcnRfcmVzcG9uc2l2ZV9zcGFjaW5nIiwic2VsZWN0b3JfaWQiOiI2MTEzNmE3MTljYmI1Iiwic2hvcnRjb2RlIjoidmNfY29sdW1uIiwiZGF0YSI6eyJ0YWJsZXQiOnt9LCJtb2JpbGUiOnt9fX0=&#8221;<\/p>\n","protected":false},"author":1,"featured_media":0,"parent":0,"menu_order":0,"comment_status":"closed","ping_status":"closed","template":"","meta":{"footnotes":""},"class_list":["post-3471","page","type-page","status-publish","hentry"],"_links":{"self":[{"href":"https:\/\/peipsimehemaitsed.ee\/en\/wp-json\/wp\/v2\/pages\/3471","targetHints":{"allow":["GET"]}}],"collection":[{"href":"https:\/\/peipsimehemaitsed.ee\/en\/wp-json\/wp\/v2\/pages"}],"about":[{"href":"https:\/\/peipsimehemaitsed.ee\/en\/wp-json\/wp\/v2\/types\/page"}],"author":[{"embeddable":true,"href":"https:\/\/peipsimehemaitsed.ee\/en\/wp-json\/wp\/v2\/users\/1"}],"replies":[{"embeddable":true,"href":"https:\/\/peipsimehemaitsed.ee\/en\/wp-json\/wp\/v2\/comments?post=3471"}],"version-history":[{"count":150,"href":"https:\/\/peipsimehemaitsed.ee\/en\/wp-json\/wp\/v2\/pages\/3471\/revisions"}],"predecessor-version":[{"id":10130,"href":"https:\/\/peipsimehemaitsed.ee\/en\/wp-json\/wp\/v2\/pages\/3471\/revisions\/10130"}],"wp:attachment":[{"href":"https:\/\/peipsimehemaitsed.ee\/en\/wp-json\/wp\/v2\/media?parent=3471"}],"curies":[{"name":"wp","href":"https:\/\/api.w.org\/{rel}","templated":true}]}}