{"id":10159,"date":"2026-05-08T14:15:15","date_gmt":"2026-05-08T11:15:15","guid":{"rendered":"https:\/\/peipsimehemaitsed.ee\/?page_id=10159"},"modified":"2026-05-08T16:04:03","modified_gmt":"2026-05-08T13:04:03","slug":"autentne-bbq-ja-peopaik-tartu-l-hedal","status":"publish","type":"page","link":"https:\/\/peipsimehemaitsed.ee\/en\/autentne-bbq-ja-peopaik-tartu-l-hedal\/","title":{"rendered":"Autentne BBQ ja peopaik Tartu l\u00e4hedal"},"content":{"rendered":"<div class=\"wpb-content-wrapper\"><p>[vc_row][vc_column][vc_column_text css=&#8221;&#8221; woodmart_inline=&#8221;no&#8221; text_larger=&#8221;no&#8221;]<\/p>\n<h1>Peipsimehe Maitsed: Autentne BBQ,&nbsp; rannarahva toit ja peopaik Tartu l\u00e4hedal K\u00f5rvek\u00fclas<\/h1>\n<p>Kas otsid m\u00f5nusat peopaika Tartumaal v\u00f5i kohta, kus nautida p\u00e4ris ehtsat BBQ-d Tartu l\u00e4hedal? Peipsimehe Maitsed K\u00f5rvek\u00fclas toob kokku suitsuahju soojuse, rannarahva toidukultuuri ja kvaliteetse tooraine, millest s\u00fcnnivad maitsed, mida lihtsalt peab kogema.<\/p>\n<p>Siin ei kohta masstoodangut ega tehislikke maitsetugevdajaid. Meie k\u00f6\u00f6gis valmivad road v\u00e4rskest toorainest, traditsiooniliste retseptide j\u00e4rgi ja suure austusega hea toidu vastu. Tundide viisi lepapuusuitsus k\u00fcpsenud liha, mahlased BBQ-road ning kohalikust toorainest inspireeritud maitsed loovad elamuse, mida k\u00fclalised m\u00e4letavad veel kaua.<\/p>\n<h2>Ehtne BBQ ja rannarahva maitsed Tartu l\u00e4hedal<\/h2>\n<p>Peipsimehe Maitsete men\u00fc\u00fc on inspireeritud Peipsi \u00e4\u00e4re toidukultuurist ja ehtsatest maitsetest. Iga roog jutustab loo aeglasest k\u00fcpsetamisest, kvaliteetsest toorainest ja armastusest hea s\u00f6\u00f6gi vastu.<\/p>\n<h3>Meie men\u00fc\u00fcst leiad n\u00e4iteks:<\/h3>\n<ul>\n<li>Suitsuse BBQ-ribi \u2013 mahlane ja pehme klassika, mis kukub lausa ise kontidelt lahti<\/li>\n<li>Pardifilee \u2013 suus sulav maitseelamus neile, kes hindavad midagi erilisemat<\/li>\n<li>Kohalik kala \u2013 rannarahva traditsioonidest inspireeritud road<\/li>\n<li>Rikkalikud vaagnad ja BBQ-valikud suurematele seltskondadele<\/li>\n<\/ul>\n<p><img loading=\"lazy\" decoding=\"async\" class=\"alignnone wp-image-9930 size-large\" src=\"https:\/\/peipsimehemaitsed.ee\/wp-content\/uploads\/2023\/10\/Peipsimehe-maitsed-800x800.png\" alt=\"Peipsimehe maitsed peolaua catering Tartus ja L\u00f5una-Eestis\" width=\"800\" height=\"800\" srcset=\"https:\/\/peipsimehemaitsed.ee\/wp-content\/uploads\/2023\/10\/Peipsimehe-maitsed-800x800.png 800w, https:\/\/peipsimehemaitsed.ee\/wp-content\/uploads\/2023\/10\/Peipsimehe-maitsed-300x300.png 300w, https:\/\/peipsimehemaitsed.ee\/wp-content\/uploads\/2023\/10\/Peipsimehe-maitsed-150x150.png 150w, https:\/\/peipsimehemaitsed.ee\/wp-content\/uploads\/2023\/10\/Peipsimehe-maitsed-768x768.png 768w, https:\/\/peipsimehemaitsed.ee\/wp-content\/uploads\/2023\/10\/Peipsimehe-maitsed-860x860.png 860w, https:\/\/peipsimehemaitsed.ee\/wp-content\/uploads\/2023\/10\/Peipsimehe-maitsed-430x430.png 430w, https:\/\/peipsimehemaitsed.ee\/wp-content\/uploads\/2023\/10\/Peipsimehe-maitsed-700x700.png 700w, https:\/\/peipsimehemaitsed.ee\/wp-content\/uploads\/2023\/10\/Peipsimehe-maitsed.png 1080w\" sizes=\"auto, (max-width: 800px) 100vw, 800px\" \/><\/p>\n<p>Kui otsid kohta, kus nautida autentset BBQ-d Tartumaal v\u00f5i s\u00fc\u00fca head suitsuliha Tartu l\u00e4hedal, siis oled \u00f5iges kohas.<\/p>\n<h1>Peopaik Tartumaal \u2013 korralda s\u00fcndmus K\u00f5rvek\u00fclas<\/h1>\n<p>Kas plaanid s\u00fcnnip\u00e4eva, juubelit, firma\u00fcritust v\u00f5i suguv\u00f5sa kokkutulekut? Peipsimehe Maitsed pakub hubast ja oman\u00e4olist peopaika Tartu l\u00e4hedal K\u00f5rvek\u00fclas, kus hea toit ja m\u00f5nus atmosf\u00e4\u00e4r k\u00e4ivad k\u00e4sik\u00e4es.<\/p>\n<p>Meie terrass ja istumisala sobivad suurep\u00e4raselt suvisteks koosviibimisteks. Suuremate \u00fcrituste jaoks saame p\u00fcstitada telgi, et k\u00f5ik k\u00fclalised tunneksid end mugavalt ja ilm pidu ei segaks.<\/p>\n<p>Sina kutsu inimesed kokku, meie hoolitseme selle eest, et laud oleks kaetud ehtsate BBQ-maitsete ja rikkalike roogadega.<\/p>\n<h3>Meie peopaik sobib h\u00e4sti:<\/h3>\n<ul>\n<li>s\u00fcnnip\u00e4evadeks<\/li>\n<li>juubeliteks<\/li>\n<li>firma\u00fcritusteks<\/li>\n<li>suvep\u00e4evadeks<\/li>\n<li>perekondlikeks koosviibimisteks<\/li>\n<li>v\u00e4iksemateks pulmadeks<\/li>\n<\/ul>\n<p>Kui otsid peopaika Tartumaal, kus oleks lisaks heale atmosf\u00e4\u00e4rile ka t\u00f5eliselt meeldej\u00e4\u00e4v toit, siis tasub meid kindlasti k\u00fclastada.<\/p>\n<h2><img loading=\"lazy\" decoding=\"async\" class=\"alignnone wp-image-9787 size-large\" src=\"https:\/\/peipsimehemaitsed.ee\/wp-content\/uploads\/2024\/09\/Peipsimehe-maitsed-catering-sunnipaevale-ja-uritusele-800x800.jpg\" alt=\"Peipsimehe maitsed catering s\u00fcnnip\u00e4evale ja \u00fcritusele\" width=\"800\" height=\"800\" srcset=\"https:\/\/peipsimehemaitsed.ee\/wp-content\/uploads\/2024\/09\/Peipsimehe-maitsed-catering-sunnipaevale-ja-uritusele-800x800.jpg 800w, https:\/\/peipsimehemaitsed.ee\/wp-content\/uploads\/2024\/09\/Peipsimehe-maitsed-catering-sunnipaevale-ja-uritusele-300x300.jpg 300w, https:\/\/peipsimehemaitsed.ee\/wp-content\/uploads\/2024\/09\/Peipsimehe-maitsed-catering-sunnipaevale-ja-uritusele-150x150.jpg 150w, https:\/\/peipsimehemaitsed.ee\/wp-content\/uploads\/2024\/09\/Peipsimehe-maitsed-catering-sunnipaevale-ja-uritusele-768x768.jpg 768w, https:\/\/peipsimehemaitsed.ee\/wp-content\/uploads\/2024\/09\/Peipsimehe-maitsed-catering-sunnipaevale-ja-uritusele-860x860.jpg 860w, https:\/\/peipsimehemaitsed.ee\/wp-content\/uploads\/2024\/09\/Peipsimehe-maitsed-catering-sunnipaevale-ja-uritusele-430x430.jpg 430w, https:\/\/peipsimehemaitsed.ee\/wp-content\/uploads\/2024\/09\/Peipsimehe-maitsed-catering-sunnipaevale-ja-uritusele-700x700.jpg 700w, https:\/\/peipsimehemaitsed.ee\/wp-content\/uploads\/2024\/09\/Peipsimehe-maitsed-catering-sunnipaevale-ja-uritusele.jpg 1080w\" sizes=\"auto, (max-width: 800px) 100vw, 800px\" \/><\/h2>\n<h2>Catering Tartus ja \u00fcle Eesti<\/h2>\n<p>Soovid pidu korraldada hoopis ettev\u00f5ttes, maakodus v\u00f5i renditud peopaigas? Pakume catering-teenust Tartus ja \u00fcle Eesti ning toome ehtsad BBQ-maitsed sinu s\u00fcndmusele kohale.<\/p>\n<p>Me ei too lihtsalt toitu lauale vaid loome tervikliku maitseelamuse. Koostame men\u00fc\u00fc vastavalt sinu s\u00fcndmusele, olgu selleks rikkalik BBQ-vaagen, suitsuliha, kalatoidud v\u00f5i pidulikum peolaud.<\/p>\n<p>Meie eesm\u00e4rk on, et sinu k\u00fclalised m\u00e4letaksid lisaks peole ka seda, kui hea toit seal oli.<\/p>\n<h2>Tule k\u00fclla Peipsimehe Maitsetesse<\/h2>\n<p>Ootame sind K\u00f5rvek\u00fclla nautima ehtsaid maitseid ja m\u00f5nusat olemist.<\/p>\n<p>K\u00f5rvek\u00fcla-L\u00e4hte 10, otse Tartu-J\u00f5hvi maantee \u00e4\u00e4res<br \/>\n<a href=\"https:\/\/maps.app.goo.gl\/ZWsoLPDdspihdRhC7\" target=\"_blank\" rel=\"noopener\">Google maps link<\/a><\/p>\n<p><strong>Avatud:<\/strong><br \/>\nNeljap\u00e4evast p\u00fchap\u00e4evani kell 11.00\u201320.00<\/p>\n<p><strong>L\u00f5unapakkumised:<\/strong><br \/>\nNeljap\u00e4evast reedeni kell 12.00\u201315.00<\/p>\n<p>Kui soovid broneerida peopaika Tartumaal v\u00f5i k\u00fcsida catering-pakkumist, <a href=\"https:\/\/peipsimehemaitsed.ee\/kontakt\/\">v\u00f5ta julgelt \u00fchendust!<\/a>[\/vc_column_text][\/vc_column][\/vc_row]<\/p>\n<\/div>","protected":false},"excerpt":{"rendered":"<p>[vc_row][vc_column][vc_column_text css=&#8221;&#8221; woodmart_inline=&#8221;no&#8221; text_larger=&#8221;no&#8221;] Peipsimehe Maitsed: Autentne BBQ,&nbsp; rannarahva toit ja peopaik Tartu l\u00e4hedal K\u00f5rvek\u00fclas Kas otsid m\u00f5nusat peopaika Tartumaal<\/p>\n","protected":false},"author":2,"featured_media":9963,"parent":0,"menu_order":2,"comment_status":"closed","ping_status":"closed","template":"","meta":{"footnotes":""},"class_list":["post-10159","page","type-page","status-publish","has-post-thumbnail","hentry"],"_links":{"self":[{"href":"https:\/\/peipsimehemaitsed.ee\/en\/wp-json\/wp\/v2\/pages\/10159","targetHints":{"allow":["GET"]}}],"collection":[{"href":"https:\/\/peipsimehemaitsed.ee\/en\/wp-json\/wp\/v2\/pages"}],"about":[{"href":"https:\/\/peipsimehemaitsed.ee\/en\/wp-json\/wp\/v2\/types\/page"}],"author":[{"embeddable":true,"href":"https:\/\/peipsimehemaitsed.ee\/en\/wp-json\/wp\/v2\/users\/2"}],"replies":[{"embeddable":true,"href":"https:\/\/peipsimehemaitsed.ee\/en\/wp-json\/wp\/v2\/comments?post=10159"}],"version-history":[{"count":7,"href":"https:\/\/peipsimehemaitsed.ee\/en\/wp-json\/wp\/v2\/pages\/10159\/revisions"}],"predecessor-version":[{"id":10168,"href":"https:\/\/peipsimehemaitsed.ee\/en\/wp-json\/wp\/v2\/pages\/10159\/revisions\/10168"}],"wp:featuredmedia":[{"embeddable":true,"href":"https:\/\/peipsimehemaitsed.ee\/en\/wp-json\/wp\/v2\/media\/9963"}],"wp:attachment":[{"href":"https:\/\/peipsimehemaitsed.ee\/en\/wp-json\/wp\/v2\/media?parent=10159"}],"curies":[{"name":"wp","href":"https:\/\/api.w.org\/{rel}","templated":true}]}}